{"id":12920,"date":"2021-07-29T10:05:03","date_gmt":"2021-07-29T13:05:03","guid":{"rendered":"https:\/\/page.lg.com.br\/lps\/?page_id=12920"},"modified":"2021-07-29T10:20:54","modified_gmt":"2021-07-29T13:20:54","slug":"data-protection-officers-contact-dpo","status":"publish","type":"page","link":"https:\/\/page.lg.com.br\/lps\/data-protection-officers-contact-dpo\/","title":{"rendered":"Data Protection Officer&#8217;s contact &#8211; DPO"},"content":{"rendered":"\t\t<div data-elementor-type=\"wp-page\" data-elementor-id=\"12920\" class=\"elementor elementor-12920\" data-elementor-settings=\"{&quot;ha_cmc_init_switcher&quot;:&quot;no&quot;}\" data-elementor-post-type=\"page\">\n\t\t\t\t\t\t<section class=\"elementor-section elementor-top-section elementor-element elementor-element-5deca563 elementor-section-items-top elementor-section-height-min-height elementor-section-boxed elementor-section-height-default exad-glass-effect-no exad-sticky-section-no\" data-id=\"5deca563\" data-element_type=\"section\" data-settings=\"{&quot;jet_parallax_layout_list&quot;:[{&quot;_id&quot;:&quot;802c043&quot;,&quot;jet_parallax_layout_speed&quot;:{&quot;unit&quot;:&quot;%&quot;,&quot;size&quot;:16,&quot;sizes&quot;:[]},&quot;jet_parallax_layout_type&quot;:&quot;mouse&quot;,&quot;jet_parallax_layout_bg_x&quot;:&quot;&quot;,&quot;jet_parallax_layout_bg_y&quot;:&quot;&quot;,&quot;jet_parallax_layout_bg_size&quot;:&quot;contain&quot;,&quot;jet_parallax_layout_animation_prop&quot;:&quot;bgposition&quot;,&quot;jet_parallax_layout_image&quot;:{&quot;url&quot;:&quot;&quot;,&quot;id&quot;:&quot;&quot;,&quot;size&quot;:&quot;&quot;},&quot;jet_parallax_layout_image_widescreen&quot;:{&quot;url&quot;:&quot;&quot;,&quot;id&quot;:&quot;&quot;,&quot;size&quot;:&quot;&quot;},&quot;jet_parallax_layout_image_laptop&quot;:{&quot;url&quot;:&quot;&quot;,&quot;id&quot;:&quot;&quot;,&quot;size&quot;:&quot;&quot;},&quot;jet_parallax_layout_image_tablet&quot;:{&quot;url&quot;:&quot;&quot;,&quot;id&quot;:&quot;&quot;,&quot;size&quot;:&quot;&quot;},&quot;jet_parallax_layout_image_mobile&quot;:{&quot;url&quot;:&quot;&quot;,&quot;id&quot;:&quot;&quot;,&quot;size&quot;:&quot;&quot;},&quot;jet_parallax_layout_direction&quot;:null,&quot;jet_parallax_layout_fx_direction&quot;:null,&quot;jet_parallax_layout_z_index&quot;:&quot;&quot;,&quot;jet_parallax_layout_bg_x_widescreen&quot;:&quot;&quot;,&quot;jet_parallax_layout_bg_x_laptop&quot;:&quot;&quot;,&quot;jet_parallax_layout_bg_x_tablet&quot;:&quot;&quot;,&quot;jet_parallax_layout_bg_x_mobile&quot;:&quot;&quot;,&quot;jet_parallax_layout_bg_y_widescreen&quot;:&quot;&quot;,&quot;jet_parallax_layout_bg_y_laptop&quot;:&quot;&quot;,&quot;jet_parallax_layout_bg_y_tablet&quot;:&quot;&quot;,&quot;jet_parallax_layout_bg_y_mobile&quot;:&quot;&quot;,&quot;jet_parallax_layout_bg_size_widescreen&quot;:&quot;&quot;,&quot;jet_parallax_layout_bg_size_laptop&quot;:&quot;&quot;,&quot;jet_parallax_layout_bg_size_tablet&quot;:&quot;&quot;,&quot;jet_parallax_layout_bg_size_mobile&quot;:&quot;&quot;,&quot;jet_parallax_layout_on&quot;:[&quot;desktop&quot;,&quot;tablet&quot;]}],&quot;background_background&quot;:&quot;gradient&quot;,&quot;_ha_eqh_enable&quot;:false}\">\n\t\t\t\t\t\t\t<div class=\"elementor-background-overlay\"><\/div>\n\t\t\t\t\t\t\t<div class=\"elementor-container elementor-column-gap-no\">\n\t\t\t\t\t<div class=\"elementor-column elementor-col-100 elementor-top-column elementor-element elementor-element-74427235 exad-glass-effect-no exad-sticky-section-no\" data-id=\"74427235\" data-element_type=\"column\">\n\t\t\t<div class=\"elementor-widget-wrap elementor-element-populated\">\n\t\t\t\t\t\t<div class=\"elementor-element elementor-element-436eaa39 exad-sticky-section-no exad-glass-effect-no elementor-widget elementor-widget-image\" data-id=\"436eaa39\" data-element_type=\"widget\" data-widget_type=\"image.default\">\n\t\t\t\t<div class=\"elementor-widget-container\">\n\t\t\t\t\t\t\t\t\t\t\t\t\t\t\t<img fetchpriority=\"high\" decoding=\"async\" width=\"640\" height=\"207\" src=\"https:\/\/page.lg.com.br\/lps\/wp-content\/uploads\/2020\/11\/logo-1.png\" class=\"attachment-large size-large wp-image-7057\" alt=\"\" srcset=\"https:\/\/page.lg.com.br\/lps\/wp-content\/uploads\/2020\/11\/logo-1.png 713w, https:\/\/page.lg.com.br\/lps\/wp-content\/uploads\/2020\/11\/logo-1-300x97.png 300w\" sizes=\"(max-width: 640px) 100vw, 640px\" \/>\t\t\t\t\t\t\t\t\t\t\t\t\t\t\t<\/div>\n\t\t\t\t<\/div>\n\t\t\t\t<div class=\"elementor-element elementor-element-798c7d3a exad-sticky-section-no exad-glass-effect-no elementor-widget elementor-widget-text-editor\" data-id=\"798c7d3a\" data-element_type=\"widget\" data-widget_type=\"text-editor.default\">\n\t\t\t\t<div class=\"elementor-widget-container\">\n\t\t\t\t\t\t\t\t\tCOMPLETE THE FORM AND TALK TO OUR DPO\n\t\t\t\t\t\t\t\t<\/div>\n\t\t\t\t<\/div>\n\t\t\t\t<div class=\"elementor-element elementor-element-74e8f257 exad-sticky-section-no exad-glass-effect-no elementor-widget elementor-widget-text-editor\" data-id=\"74e8f257\" data-element_type=\"widget\" data-widget_type=\"text-editor.default\">\n\t\t\t\t<div class=\"elementor-widget-container\">\n\t\t\t\t\t\t\t\t\tLG lugar de gente will receive, investigate and respond, within a reasonable period of time, to any request or complaint about the way we treat your personal data.\n\t\t\t\t\t\t\t\t<\/div>\n\t\t\t\t<\/div>\n\t\t\t\t<div class=\"elementor-element elementor-element-230d7970 exad-sticky-section-no exad-glass-effect-no elementor-widget elementor-widget-html\" data-id=\"230d7970\" data-element_type=\"widget\" data-widget_type=\"html.default\">\n\t\t\t\t<div class=\"elementor-widget-container\">\n\t\t\t\t\t<form action=\"https:\/\/pages.lg.com.br\/l\/688633\/2020-02-06\/6q6g6\" method=\"post\" id=\"agende_form\" >\r\n   <input size=\"2\" type=\"text\" name=\"nome\" id=\"nome\" placeholder=\"Nome\" class=\"require\" >\t\t\t\t\r\n   \r\n   <input size=\"1\" type=\"text\" name=\"sobrenome\" id=\"sobrenome\" placeholder=\"Sobrenome\" class=\"require\">\t\t\t\r\n\t\r\n  \r\n  <input type=\"hidden\" name=\"origem\" value=\"agende\" \/>\r\n  \r\n  <input size=\"1\" type=\"email\" name=\"email\" id=\"email\" placeholder=\"E-mail\" class=\"require email\" >\t\t\t\t\r\n   \r\n   <input size=\"1\" type=\"text\" name=\"telefone\" id=\"telefone\" placeholder=\"Telefone\" class=\"require telefone\" >\r\n\r\n   \r\n<select name=\"solitacao-lgpd\" id=\"necessidade\" class=\"require\" >\r\n     <option value=\"\">Sua solicita\u00e7\u00e3o est\u00e1 relacionada a:<\/option>   \r\n\r\n<option value=\"Confirmar exist\u00eancia do tratamento de dados pessoais\">Confirmar exist\u00eancia do tratamento de dados pessoais<\/option>\r\n\r\n<option value=\"Solicitar acesso aos dados pessoais tratados\">Solicitar acesso aos dados pessoais tratados<\/option>\r\n\r\n<option value=\"Solicitar anonimiza\u00e7\u00e3o, bloqueio ou elimina\u00e7\u00e3o de dados pessoais desnecess\u00e1rios, excessivos ou tratados em desconformidade\">Solicitar anonimiza\u00e7\u00e3o, bloqueio ou elimina\u00e7\u00e3o de dados pessoais desnecess\u00e1rios, excessivos ou tratados em desconformidade<\/option>\r\n\r\n<option value=\"Solicitar corre\u00e7\u00e3o de dados pessoais\">Solicitar corre\u00e7\u00e3o de dados pessoais<\/option>\r\n\r\n<option value=\"Solicitar informa\u00e7\u00f5es sobre compartilhamento de dados pessoais\">Solicitar informa\u00e7\u00f5es sobre compartilhamento de dados pessoais<\/option>\r\n\r\n<option value=\"Solicitar informa\u00e7\u00f5es sobre negativa de consentimento e quais ser\u00e3o as consequ\u00eancias da negativa\">Solicitar informa\u00e7\u00f5es sobre negativa de consentimento e quais ser\u00e3o as consequ\u00eancias da negativa<\/option>\r\n\r\n<option value=\"Revisar ou revogar consentimento para tratamento de dados pessoais\">Revisar ou revogar consentimento para tratamento de dados pessoais<\/option>\r\n\r\n<option value=\"Outros\">Outros<\/option>\r\n\r\n<\/select>\r\n\r\n<textarea size=\"1\" type=\"text\" name=\"descreva\" placeholder=\"Descreva brevemente seu interesse\"\r\n    \r\n    maxlength=\"500\"\r\n    class=\"require\" \r\n     onkeyup=\"mostrarResultado(this.value,500,'spcontando')\"\r\n    ><\/textarea>\r\n \r\n<div class=\"divSpan\">\r\n<span id=\"spcontando\"><\/span><br \/>\r\n<span id=\"sprestante\"><\/span>\r\n\r\n<\/div>\r\n\r\n   \r\n   <input type=\"button\" value=\"Request a contact\" id=\"bt-enviar\" \/>\r\n  \r\n   \r\n<\/form>\t\t\t\t<\/div>\n\t\t\t\t<\/div>\n\t\t\t\t<div class=\"elementor-element elementor-element-6f6112e7 exad-sticky-section-no exad-glass-effect-no elementor-widget elementor-widget-html\" data-id=\"6f6112e7\" data-element_type=\"widget\" data-widget_type=\"html.default\">\n\t\t\t\t<div class=\"elementor-widget-container\">\n\t\t\t\t\t<script type=\"text\/javascript\">\n    \nfunction mostrarResultado(box,num_max,campospan){\n var contagem_carac = box.length;\n if (contagem_carac != 0){\n document.getElementById(campospan).innerHTML = num_max - contagem_carac + \" caracteres restantes\";\n   document.getElementById(campospan).style.color = \"#fff\";\n if (contagem_carac == 1){\n document.getElementById(campospan).innerHTML = contagem_carac + \" caracter\";\n  document.getElementById(campospan).style.color = \"#fff\";\n }\n if (contagem_carac >= num_max){\n document.getElementById(campospan).innerHTML = \"<b>Limite de caracteres excedido.<\/b>\";\n document.getElementById(campospan).style.color = \"#f30505\";\n }\n }\n}\n<\/script>\t\t\t\t<\/div>\n\t\t\t\t<\/div>\n\t\t\t\t\t<\/div>\n\t\t<\/div>\n\t\t\t\t\t<\/div>\n\t\t<\/section>\n\t\t\t\t<section class=\"elementor-section elementor-top-section elementor-element elementor-element-38481e35 elementor-section-height-min-height elementor-section-boxed elementor-section-height-default elementor-section-items-middle exad-glass-effect-no exad-sticky-section-no\" data-id=\"38481e35\" data-element_type=\"section\" data-settings=\"{&quot;jet_parallax_layout_list&quot;:[{&quot;jet_parallax_layout_image&quot;:{&quot;url&quot;:&quot;&quot;,&quot;id&quot;:&quot;&quot;,&quot;size&quot;:&quot;&quot;},&quot;_id&quot;:&quot;105aa3e&quot;,&quot;jet_parallax_layout_image_widescreen&quot;:{&quot;url&quot;:&quot;&quot;,&quot;id&quot;:&quot;&quot;,&quot;size&quot;:&quot;&quot;},&quot;jet_parallax_layout_image_laptop&quot;:{&quot;url&quot;:&quot;&quot;,&quot;id&quot;:&quot;&quot;,&quot;size&quot;:&quot;&quot;},&quot;jet_parallax_layout_image_tablet&quot;:{&quot;url&quot;:&quot;&quot;,&quot;id&quot;:&quot;&quot;,&quot;size&quot;:&quot;&quot;},&quot;jet_parallax_layout_image_mobile&quot;:{&quot;url&quot;:&quot;&quot;,&quot;id&quot;:&quot;&quot;,&quot;size&quot;:&quot;&quot;},&quot;jet_parallax_layout_speed&quot;:{&quot;unit&quot;:&quot;%&quot;,&quot;size&quot;:50,&quot;sizes&quot;:[]},&quot;jet_parallax_layout_type&quot;:&quot;scroll&quot;,&quot;jet_parallax_layout_direction&quot;:&quot;1&quot;,&quot;jet_parallax_layout_fx_direction&quot;:null,&quot;jet_parallax_layout_z_index&quot;:&quot;&quot;,&quot;jet_parallax_layout_bg_x&quot;:50,&quot;jet_parallax_layout_bg_x_widescreen&quot;:&quot;&quot;,&quot;jet_parallax_layout_bg_x_laptop&quot;:&quot;&quot;,&quot;jet_parallax_layout_bg_x_tablet&quot;:&quot;&quot;,&quot;jet_parallax_layout_bg_x_mobile&quot;:&quot;&quot;,&quot;jet_parallax_layout_bg_y&quot;:50,&quot;jet_parallax_layout_bg_y_widescreen&quot;:&quot;&quot;,&quot;jet_parallax_layout_bg_y_laptop&quot;:&quot;&quot;,&quot;jet_parallax_layout_bg_y_tablet&quot;:&quot;&quot;,&quot;jet_parallax_layout_bg_y_mobile&quot;:&quot;&quot;,&quot;jet_parallax_layout_bg_size&quot;:&quot;auto&quot;,&quot;jet_parallax_layout_bg_size_widescreen&quot;:&quot;&quot;,&quot;jet_parallax_layout_bg_size_laptop&quot;:&quot;&quot;,&quot;jet_parallax_layout_bg_size_tablet&quot;:&quot;&quot;,&quot;jet_parallax_layout_bg_size_mobile&quot;:&quot;&quot;,&quot;jet_parallax_layout_animation_prop&quot;:&quot;transform&quot;,&quot;jet_parallax_layout_on&quot;:[&quot;desktop&quot;,&quot;tablet&quot;]}],&quot;background_background&quot;:&quot;classic&quot;,&quot;_ha_eqh_enable&quot;:false}\">\n\t\t\t\t\t\t<div class=\"elementor-container elementor-column-gap-default\">\n\t\t\t\t\t<div class=\"elementor-column elementor-col-50 elementor-top-column elementor-element elementor-element-13112771 exad-glass-effect-no exad-sticky-section-no\" data-id=\"13112771\" data-element_type=\"column\">\n\t\t\t<div class=\"elementor-widget-wrap elementor-element-populated\">\n\t\t\t\t\t\t<div class=\"elementor-element elementor-element-35cecdd5 exad-sticky-section-no exad-glass-effect-no elementor-widget elementor-widget-image\" data-id=\"35cecdd5\" data-element_type=\"widget\" data-widget_type=\"image.default\">\n\t\t\t\t<div class=\"elementor-widget-container\">\n\t\t\t\t\t\t\t\t\t\t\t\t\t\t\t<img decoding=\"async\" width=\"246\" height=\"71\" src=\"https:\/\/page.lg.com.br\/lps\/wp-content\/uploads\/2019\/06\/Logobase.png\" class=\"attachment-full size-full wp-image-702\" alt=\"\" \/>\t\t\t\t\t\t\t\t\t\t\t\t\t\t\t<\/div>\n\t\t\t\t<\/div>\n\t\t\t\t\t<\/div>\n\t\t<\/div>\n\t\t\t\t<div class=\"elementor-column elementor-col-50 elementor-top-column elementor-element elementor-element-1639492b exad-glass-effect-no exad-sticky-section-no\" data-id=\"1639492b\" data-element_type=\"column\">\n\t\t\t<div class=\"elementor-widget-wrap elementor-element-populated\">\n\t\t\t\t\t\t<div class=\"elementor-element elementor-element-71420164 exad-sticky-section-no exad-glass-effect-no elementor-widget elementor-widget-heading\" data-id=\"71420164\" data-element_type=\"widget\" data-widget_type=\"heading.default\">\n\t\t\t\t<div class=\"elementor-widget-container\">\n\t\t\t\t\t<h2 class=\"elementor-heading-title elementor-size-default\">Copyright \u00a9 2020 LG lugar de gente - Todos os direitos reservados.<\/h2>\t\t\t\t<\/div>\n\t\t\t\t<\/div>\n\t\t\t\t\t<\/div>\n\t\t<\/div>\n\t\t\t\t\t<\/div>\n\t\t<\/section>\n\t\t\t\t<\/div>\n\t\t","protected":false},"excerpt":{"rendered":"<p>COMPLETE THE FORM AND TALK TO OUR DPO LG lugar de gente will receive, investigate and respond, within a reasonable period of time, to any request or complaint about the way we treat your personal data. Sua solicita\u00e7\u00e3o est\u00e1 relacionada a:Confirmar exist\u00eancia do tratamento de dados pessoaisSolicitar acesso aos dados pessoais tratadosSolicitar anonimiza\u00e7\u00e3o, bloqueio ou &hellip; <\/p>\n<p class=\"link-more\"><a href=\"https:\/\/page.lg.com.br\/lps\/data-protection-officers-contact-dpo\/\" class=\"more-link\">Continue lendo<span class=\"screen-reader-text\"> &#8220;Data Protection Officer&#8217;s contact &#8211; DPO&#8221;<\/span><\/a><\/p>\n","protected":false},"author":1,"featured_media":0,"parent":0,"menu_order":0,"comment_status":"closed","ping_status":"closed","template":"elementor_canvas","meta":{"footnotes":""},"class_list":["post-12920","page","type-page","status-publish","hentry","entry"],"yoast_head":"<!-- This site is optimized with the Yoast SEO plugin v26.6 - https:\/\/yoast.com\/wordpress\/plugins\/seo\/ -->\n<title>Data Protection Officer&#039;s contact - DPO - LG lugar de gente<\/title>\n<meta name=\"robots\" content=\"index, follow, max-snippet:-1, max-image-preview:large, max-video-preview:-1\" \/>\n<link rel=\"canonical\" href=\"https:\/\/page.lg.com.br\/lps\/data-protection-officers-contact-dpo\/\" \/>\n<meta property=\"og:locale\" content=\"pt_BR\" \/>\n<meta property=\"og:type\" content=\"article\" \/>\n<meta property=\"og:title\" content=\"Data Protection Officer&#039;s contact - DPO - LG lugar de gente\" \/>\n<meta property=\"og:description\" content=\"COMPLETE THE FORM AND TALK TO OUR DPO LG lugar de gente will receive, investigate and respond, within a reasonable period of time, to any request or complaint about the way we treat your personal data. Sua solicita\u00e7\u00e3o est\u00e1 relacionada a:Confirmar exist\u00eancia do tratamento de dados pessoaisSolicitar acesso aos dados pessoais tratadosSolicitar anonimiza\u00e7\u00e3o, bloqueio ou &hellip; Continue lendo &quot;Data Protection Officer&#8217;s contact &#8211; DPO&quot;\" \/>\n<meta property=\"og:url\" content=\"https:\/\/page.lg.com.br\/lps\/data-protection-officers-contact-dpo\/\" \/>\n<meta property=\"og:site_name\" content=\"LG lugar de gente\" \/>\n<meta property=\"article:modified_time\" content=\"2021-07-29T13:20:54+00:00\" \/>\n<meta property=\"og:image\" content=\"https:\/\/page.lg.com.br\/lps\/wp-content\/uploads\/2020\/11\/logo-1.png\" \/>\n<meta name=\"twitter:card\" content=\"summary_large_image\" \/>\n<meta name=\"twitter:label1\" content=\"Est. tempo de leitura\" \/>\n\t<meta name=\"twitter:data1\" content=\"1 minuto\" \/>\n<script type=\"application\/ld+json\" class=\"yoast-schema-graph\">{\"@context\":\"https:\/\/schema.org\",\"@graph\":[{\"@type\":\"WebPage\",\"@id\":\"https:\/\/page.lg.com.br\/lps\/data-protection-officers-contact-dpo\/\",\"url\":\"https:\/\/page.lg.com.br\/lps\/data-protection-officers-contact-dpo\/\",\"name\":\"Data Protection Officer's contact - DPO - LG lugar de gente\",\"isPartOf\":{\"@id\":\"https:\/\/page.lg.com.br\/lps\/#website\"},\"primaryImageOfPage\":{\"@id\":\"https:\/\/page.lg.com.br\/lps\/data-protection-officers-contact-dpo\/#primaryimage\"},\"image\":{\"@id\":\"https:\/\/page.lg.com.br\/lps\/data-protection-officers-contact-dpo\/#primaryimage\"},\"thumbnailUrl\":\"https:\/\/page.lg.com.br\/lps\/wp-content\/uploads\/2020\/11\/logo-1.png\",\"datePublished\":\"2021-07-29T13:05:03+00:00\",\"dateModified\":\"2021-07-29T13:20:54+00:00\",\"breadcrumb\":{\"@id\":\"https:\/\/page.lg.com.br\/lps\/data-protection-officers-contact-dpo\/#breadcrumb\"},\"inLanguage\":\"pt-BR\",\"potentialAction\":[{\"@type\":\"ReadAction\",\"target\":[\"https:\/\/page.lg.com.br\/lps\/data-protection-officers-contact-dpo\/\"]}]},{\"@type\":\"ImageObject\",\"inLanguage\":\"pt-BR\",\"@id\":\"https:\/\/page.lg.com.br\/lps\/data-protection-officers-contact-dpo\/#primaryimage\",\"url\":\"https:\/\/page.lg.com.br\/lps\/wp-content\/uploads\/2020\/11\/logo-1.png\",\"contentUrl\":\"https:\/\/page.lg.com.br\/lps\/wp-content\/uploads\/2020\/11\/logo-1.png\",\"width\":713,\"height\":231},{\"@type\":\"BreadcrumbList\",\"@id\":\"https:\/\/page.lg.com.br\/lps\/data-protection-officers-contact-dpo\/#breadcrumb\",\"itemListElement\":[{\"@type\":\"ListItem\",\"position\":1,\"name\":\"In\u00edcio\",\"item\":\"https:\/\/page.lg.com.br\/lps\/\"},{\"@type\":\"ListItem\",\"position\":2,\"name\":\"Data Protection Officer&#8217;s contact &#8211; DPO\"}]},{\"@type\":\"WebSite\",\"@id\":\"https:\/\/page.lg.com.br\/lps\/#website\",\"url\":\"https:\/\/page.lg.com.br\/lps\/\",\"name\":\"LG lugar de gente\",\"description\":\"\",\"potentialAction\":[{\"@type\":\"SearchAction\",\"target\":{\"@type\":\"EntryPoint\",\"urlTemplate\":\"https:\/\/page.lg.com.br\/lps\/?s={search_term_string}\"},\"query-input\":{\"@type\":\"PropertyValueSpecification\",\"valueRequired\":true,\"valueName\":\"search_term_string\"}}],\"inLanguage\":\"pt-BR\"}]}<\/script>\n<!-- \/ Yoast SEO plugin. -->","yoast_head_json":{"title":"Data Protection Officer's contact - DPO - LG lugar de gente","robots":{"index":"index","follow":"follow","max-snippet":"max-snippet:-1","max-image-preview":"max-image-preview:large","max-video-preview":"max-video-preview:-1"},"canonical":"https:\/\/page.lg.com.br\/lps\/data-protection-officers-contact-dpo\/","og_locale":"pt_BR","og_type":"article","og_title":"Data Protection Officer's contact - DPO - LG lugar de gente","og_description":"COMPLETE THE FORM AND TALK TO OUR DPO LG lugar de gente will receive, investigate and respond, within a reasonable period of time, to any request or complaint about the way we treat your personal data. Sua solicita\u00e7\u00e3o est\u00e1 relacionada a:Confirmar exist\u00eancia do tratamento de dados pessoaisSolicitar acesso aos dados pessoais tratadosSolicitar anonimiza\u00e7\u00e3o, bloqueio ou &hellip; Continue lendo \"Data Protection Officer&#8217;s contact &#8211; DPO\"","og_url":"https:\/\/page.lg.com.br\/lps\/data-protection-officers-contact-dpo\/","og_site_name":"LG lugar de gente","article_modified_time":"2021-07-29T13:20:54+00:00","og_image":[{"url":"https:\/\/page.lg.com.br\/lps\/wp-content\/uploads\/2020\/11\/logo-1.png","type":"","width":"","height":""}],"twitter_card":"summary_large_image","twitter_misc":{"Est. tempo de leitura":"1 minuto"},"schema":{"@context":"https:\/\/schema.org","@graph":[{"@type":"WebPage","@id":"https:\/\/page.lg.com.br\/lps\/data-protection-officers-contact-dpo\/","url":"https:\/\/page.lg.com.br\/lps\/data-protection-officers-contact-dpo\/","name":"Data Protection Officer's contact - DPO - LG lugar de gente","isPartOf":{"@id":"https:\/\/page.lg.com.br\/lps\/#website"},"primaryImageOfPage":{"@id":"https:\/\/page.lg.com.br\/lps\/data-protection-officers-contact-dpo\/#primaryimage"},"image":{"@id":"https:\/\/page.lg.com.br\/lps\/data-protection-officers-contact-dpo\/#primaryimage"},"thumbnailUrl":"https:\/\/page.lg.com.br\/lps\/wp-content\/uploads\/2020\/11\/logo-1.png","datePublished":"2021-07-29T13:05:03+00:00","dateModified":"2021-07-29T13:20:54+00:00","breadcrumb":{"@id":"https:\/\/page.lg.com.br\/lps\/data-protection-officers-contact-dpo\/#breadcrumb"},"inLanguage":"pt-BR","potentialAction":[{"@type":"ReadAction","target":["https:\/\/page.lg.com.br\/lps\/data-protection-officers-contact-dpo\/"]}]},{"@type":"ImageObject","inLanguage":"pt-BR","@id":"https:\/\/page.lg.com.br\/lps\/data-protection-officers-contact-dpo\/#primaryimage","url":"https:\/\/page.lg.com.br\/lps\/wp-content\/uploads\/2020\/11\/logo-1.png","contentUrl":"https:\/\/page.lg.com.br\/lps\/wp-content\/uploads\/2020\/11\/logo-1.png","width":713,"height":231},{"@type":"BreadcrumbList","@id":"https:\/\/page.lg.com.br\/lps\/data-protection-officers-contact-dpo\/#breadcrumb","itemListElement":[{"@type":"ListItem","position":1,"name":"In\u00edcio","item":"https:\/\/page.lg.com.br\/lps\/"},{"@type":"ListItem","position":2,"name":"Data Protection Officer&#8217;s contact &#8211; DPO"}]},{"@type":"WebSite","@id":"https:\/\/page.lg.com.br\/lps\/#website","url":"https:\/\/page.lg.com.br\/lps\/","name":"LG lugar de gente","description":"","potentialAction":[{"@type":"SearchAction","target":{"@type":"EntryPoint","urlTemplate":"https:\/\/page.lg.com.br\/lps\/?s={search_term_string}"},"query-input":{"@type":"PropertyValueSpecification","valueRequired":true,"valueName":"search_term_string"}}],"inLanguage":"pt-BR"}]}},"_links":{"self":[{"href":"https:\/\/page.lg.com.br\/lps\/wp-json\/wp\/v2\/pages\/12920","targetHints":{"allow":["GET"]}}],"collection":[{"href":"https:\/\/page.lg.com.br\/lps\/wp-json\/wp\/v2\/pages"}],"about":[{"href":"https:\/\/page.lg.com.br\/lps\/wp-json\/wp\/v2\/types\/page"}],"author":[{"embeddable":true,"href":"https:\/\/page.lg.com.br\/lps\/wp-json\/wp\/v2\/users\/1"}],"replies":[{"embeddable":true,"href":"https:\/\/page.lg.com.br\/lps\/wp-json\/wp\/v2\/comments?post=12920"}],"version-history":[{"count":5,"href":"https:\/\/page.lg.com.br\/lps\/wp-json\/wp\/v2\/pages\/12920\/revisions"}],"predecessor-version":[{"id":12925,"href":"https:\/\/page.lg.com.br\/lps\/wp-json\/wp\/v2\/pages\/12920\/revisions\/12925"}],"wp:attachment":[{"href":"https:\/\/page.lg.com.br\/lps\/wp-json\/wp\/v2\/media?parent=12920"}],"curies":[{"name":"wp","href":"https:\/\/api.w.org\/{rel}","templated":true}]}}